{"id":6430,"date":"2022-07-28T11:11:42","date_gmt":"2022-07-28T10:11:42","guid":{"rendered":"https:\/\/www.kofce.si\/impresum\/"},"modified":"2022-07-28T11:53:29","modified_gmt":"2022-07-28T10:53:29","slug":"imprint","status":"publish","type":"page","link":"https:\/\/www.kofce.si\/en\/imprint\/","title":{"rendered":"Imprint"},"content":{"rendered":"\n<h4 class=\"wp-block-heading\"><br>Impressum<\/h4>\n\n\n\n<p>Vsebino zagotavlja :<\/p>\n\n\n\n<p>Planinski dom na Kofcah<br>PETER VOGELNIK S.P.<br>Deteljica 10, 4290 Tr\u017ei\u010d<\/p>\n\n\n\n<p>Oblikovanje in izdelava spletne strani:<\/p>\n\n\n\n<h4 class=\"wp-block-heading\"><a href=\"https:\/\/www.spletster.net\/\" target=\"_blank\" rel=\"noreferrer noopener\"><strong>spletster<\/strong><\/a><\/h4>\n","protected":false},"excerpt":{"rendered":"<p>Impressum Vsebino zagotavlja : Planinski dom na KofcahPETER VOGELNIK S.P.Deteljica 10, 4290 Tr\u017ei\u010d Oblikovanje in izdelava spletne strani: spletster<\/p>\n","protected":false},"author":1,"featured_media":0,"parent":0,"menu_order":0,"comment_status":"closed","ping_status":"closed","template":"","meta":{"footnotes":""},"class_list":["post-6430","page","type-page","status-publish","hentry"],"yoast_head":"<!-- This site is optimized with the Yoast SEO plugin v27.2 - https:\/\/yoast.com\/product\/yoast-seo-wordpress\/ -->\n<title>Imprint - Planinski dom na Kofcah<\/title>\n<meta name=\"robots\" content=\"index, follow, max-snippet:-1, max-image-preview:large, max-video-preview:-1\" \/>\n<link rel=\"canonical\" href=\"https:\/\/www.kofce.si\/en\/imprint\/\" \/>\n<meta property=\"og:locale\" content=\"en_US\" \/>\n<meta property=\"og:type\" content=\"article\" \/>\n<meta property=\"og:title\" content=\"Imprint - Planinski dom na Kofcah\" \/>\n<meta property=\"og:description\" content=\"Impressum Vsebino zagotavlja : Planinski dom na KofcahPETER VOGELNIK S.P.Deteljica 10, 4290 Tr\u017ei\u010d Oblikovanje in izdelava spletne strani: spletster\" \/>\n<meta property=\"og:url\" content=\"https:\/\/www.kofce.si\/en\/imprint\/\" \/>\n<meta property=\"og:site_name\" content=\"Planinski dom na Kofcah\" \/>\n<meta property=\"article:modified_time\" content=\"2022-07-28T10:53:29+00:00\" \/>\n<meta name=\"twitter:card\" content=\"summary_large_image\" \/>\n<meta name=\"twitter:label1\" content=\"Est. reading time\" \/>\n\t<meta name=\"twitter:data1\" content=\"1 minute\" \/>\n<script type=\"application\/ld+json\" class=\"yoast-schema-graph\">{\"@context\":\"https:\/\/schema.org\",\"@graph\":[{\"@type\":\"WebPage\",\"@id\":\"https:\/\/www.kofce.si\/en\/imprint\/\",\"url\":\"https:\/\/www.kofce.si\/en\/imprint\/\",\"name\":\"Imprint - Planinski dom na Kofcah\",\"isPartOf\":{\"@id\":\"https:\/\/www.kofce.si\/en\/#website\"},\"datePublished\":\"2022-07-28T10:11:42+00:00\",\"dateModified\":\"2022-07-28T10:53:29+00:00\",\"breadcrumb\":{\"@id\":\"https:\/\/www.kofce.si\/en\/imprint\/#breadcrumb\"},\"inLanguage\":\"en-US\",\"potentialAction\":[{\"@type\":\"ReadAction\",\"target\":[\"https:\/\/www.kofce.si\/en\/imprint\/\"]}]},{\"@type\":\"BreadcrumbList\",\"@id\":\"https:\/\/www.kofce.si\/en\/imprint\/#breadcrumb\",\"itemListElement\":[{\"@type\":\"ListItem\",\"position\":1,\"name\":\"Domov\",\"item\":\"https:\/\/www.kofce.si\/en\/\"},{\"@type\":\"ListItem\",\"position\":2,\"name\":\"Imprint\"}]},{\"@type\":\"WebSite\",\"@id\":\"https:\/\/www.kofce.si\/en\/#website\",\"url\":\"https:\/\/www.kofce.si\/en\/\",\"name\":\"Planinski dom na Kofcah\",\"description\":\"Planinski dom na Kofcah se nahaja na ju\u017enem pobo\u010dju Ko\u0161ute, ravno malo nad gozdno mejo, od koder se nam ponuja \u010dudovit razgled na okoli\u0161ke hribe vse do na\u0161ega o\u010daka Triglava, v daljavi pred domom pa spokojno pole\u017eava Ljubljanska kotlina.\",\"publisher\":{\"@id\":\"https:\/\/www.kofce.si\/en\/#organization\"},\"potentialAction\":[{\"@type\":\"SearchAction\",\"target\":{\"@type\":\"EntryPoint\",\"urlTemplate\":\"https:\/\/www.kofce.si\/en\/?s={search_term_string}\"},\"query-input\":{\"@type\":\"PropertyValueSpecification\",\"valueRequired\":true,\"valueName\":\"search_term_string\"}}],\"inLanguage\":\"en-US\"},{\"@type\":\"Organization\",\"@id\":\"https:\/\/www.kofce.si\/en\/#organization\",\"name\":\"Planinski dom na Kofcah\",\"url\":\"https:\/\/www.kofce.si\/en\/\",\"logo\":{\"@type\":\"ImageObject\",\"inLanguage\":\"en-US\",\"@id\":\"https:\/\/www.kofce.si\/en\/#\/schema\/logo\/image\/\",\"url\":\"https:\/\/www.kofce.si\/wp-content\/uploads\/2022\/07\/dom-na-kofcah-karavanke_03-mobile.png\",\"contentUrl\":\"https:\/\/www.kofce.si\/wp-content\/uploads\/2022\/07\/dom-na-kofcah-karavanke_03-mobile.png\",\"width\":131,\"height\":110,\"caption\":\"Planinski dom na Kofcah\"},\"image\":{\"@id\":\"https:\/\/www.kofce.si\/en\/#\/schema\/logo\/image\/\"}}]}<\/script>\n<!-- \/ Yoast SEO plugin. -->","yoast_head_json":{"title":"Imprint - Planinski dom na Kofcah","robots":{"index":"index","follow":"follow","max-snippet":"max-snippet:-1","max-image-preview":"max-image-preview:large","max-video-preview":"max-video-preview:-1"},"canonical":"https:\/\/www.kofce.si\/en\/imprint\/","og_locale":"en_US","og_type":"article","og_title":"Imprint - Planinski dom na Kofcah","og_description":"Impressum Vsebino zagotavlja : Planinski dom na KofcahPETER VOGELNIK S.P.Deteljica 10, 4290 Tr\u017ei\u010d Oblikovanje in izdelava spletne strani: spletster","og_url":"https:\/\/www.kofce.si\/en\/imprint\/","og_site_name":"Planinski dom na Kofcah","article_modified_time":"2022-07-28T10:53:29+00:00","twitter_card":"summary_large_image","twitter_misc":{"Est. reading time":"1 minute"},"schema":{"@context":"https:\/\/schema.org","@graph":[{"@type":"WebPage","@id":"https:\/\/www.kofce.si\/en\/imprint\/","url":"https:\/\/www.kofce.si\/en\/imprint\/","name":"Imprint - Planinski dom na Kofcah","isPartOf":{"@id":"https:\/\/www.kofce.si\/en\/#website"},"datePublished":"2022-07-28T10:11:42+00:00","dateModified":"2022-07-28T10:53:29+00:00","breadcrumb":{"@id":"https:\/\/www.kofce.si\/en\/imprint\/#breadcrumb"},"inLanguage":"en-US","potentialAction":[{"@type":"ReadAction","target":["https:\/\/www.kofce.si\/en\/imprint\/"]}]},{"@type":"BreadcrumbList","@id":"https:\/\/www.kofce.si\/en\/imprint\/#breadcrumb","itemListElement":[{"@type":"ListItem","position":1,"name":"Domov","item":"https:\/\/www.kofce.si\/en\/"},{"@type":"ListItem","position":2,"name":"Imprint"}]},{"@type":"WebSite","@id":"https:\/\/www.kofce.si\/en\/#website","url":"https:\/\/www.kofce.si\/en\/","name":"Planinski dom na Kofcah","description":"Planinski dom na Kofcah se nahaja na ju\u017enem pobo\u010dju Ko\u0161ute, ravno malo nad gozdno mejo, od koder se nam ponuja \u010dudovit razgled na okoli\u0161ke hribe vse do na\u0161ega o\u010daka Triglava, v daljavi pred domom pa spokojno pole\u017eava Ljubljanska kotlina.","publisher":{"@id":"https:\/\/www.kofce.si\/en\/#organization"},"potentialAction":[{"@type":"SearchAction","target":{"@type":"EntryPoint","urlTemplate":"https:\/\/www.kofce.si\/en\/?s={search_term_string}"},"query-input":{"@type":"PropertyValueSpecification","valueRequired":true,"valueName":"search_term_string"}}],"inLanguage":"en-US"},{"@type":"Organization","@id":"https:\/\/www.kofce.si\/en\/#organization","name":"Planinski dom na Kofcah","url":"https:\/\/www.kofce.si\/en\/","logo":{"@type":"ImageObject","inLanguage":"en-US","@id":"https:\/\/www.kofce.si\/en\/#\/schema\/logo\/image\/","url":"https:\/\/www.kofce.si\/wp-content\/uploads\/2022\/07\/dom-na-kofcah-karavanke_03-mobile.png","contentUrl":"https:\/\/www.kofce.si\/wp-content\/uploads\/2022\/07\/dom-na-kofcah-karavanke_03-mobile.png","width":131,"height":110,"caption":"Planinski dom na Kofcah"},"image":{"@id":"https:\/\/www.kofce.si\/en\/#\/schema\/logo\/image\/"}}]}},"_links":{"self":[{"href":"https:\/\/www.kofce.si\/en\/wp-json\/wp\/v2\/pages\/6430","targetHints":{"allow":["GET"]}}],"collection":[{"href":"https:\/\/www.kofce.si\/en\/wp-json\/wp\/v2\/pages"}],"about":[{"href":"https:\/\/www.kofce.si\/en\/wp-json\/wp\/v2\/types\/page"}],"author":[{"embeddable":true,"href":"https:\/\/www.kofce.si\/en\/wp-json\/wp\/v2\/users\/1"}],"replies":[{"embeddable":true,"href":"https:\/\/www.kofce.si\/en\/wp-json\/wp\/v2\/comments?post=6430"}],"version-history":[{"count":1,"href":"https:\/\/www.kofce.si\/en\/wp-json\/wp\/v2\/pages\/6430\/revisions"}],"predecessor-version":[{"id":6431,"href":"https:\/\/www.kofce.si\/en\/wp-json\/wp\/v2\/pages\/6430\/revisions\/6431"}],"wp:attachment":[{"href":"https:\/\/www.kofce.si\/en\/wp-json\/wp\/v2\/media?parent=6430"}],"curies":[{"name":"wp","href":"https:\/\/api.w.org\/{rel}","templated":true}]}}