{"id":6414,"date":"2022-07-28T11:08:11","date_gmt":"2022-07-28T10:08:11","guid":{"rendered":"https:\/\/www.kofce.si\/center-zasebnosti\/izbris-podatkov\/"},"modified":"2022-07-28T11:19:38","modified_gmt":"2022-07-28T10:19:38","slug":"forget-me","status":"publish","type":"page","link":"https:\/\/www.kofce.si\/en\/privacy-center\/forget-me\/","title":{"rendered":"Forget me"},"content":{"rendered":"\n<a class=\"wordpress-gdpr-back-link\" href=\"https:\/\/www.kofce.si\/center-zasebnosti\/\">&larr; Return to Privacy Center<\/a><form action=\"\/en\/wp-json\/wp\/v2\/pages\/6414\" class=\"wordpress-gdpr-form wordpress-gdpr-form-forget-me\" method=\"post\"><input type=\"hidden\" name=\"wordpress_gdpr_form_type\" value=\"forget-me\"><div class=\"inv-recaptcha-holder\"><\/div><div class=\"form-group\"><label for=\"gdpr_firstname\">Your First Name (*)<\/label><input class=\"form-control\" type=\"text\" name=\"gdpr_firstname\" value=\"\" required \/><\/div><div class=\"form-group\"><label for=\"gdpr_lastname\">Your Last Name (*)<\/label><input class=\"form-control\" type=\"text\" name=\"gdpr_lastname\" value=\"\" required \/><\/div><div class=\"form-group\"><label for=\"gdpr_email\">Your Email (*)<\/label><input class=\"form-control\" type=\"email\" name=\"gdpr_email\" value=\"\" required \/><\/div><div class=\"form-group\"><label for=\"gdpr_terms\"><input id=\"gdpr_terms\" class=\"form-control\" type=\"checkbox\" name=\"gdpr_terms\" value=\"1\" required \/><span class=\"gdpr-accept-conditiones-text\">Strinjam se s politiko zasebnosti in uporabo mojih podatki za obdelave GDPR zahteve.<\/span><\/label><\/div><input type=\"submit\" name=\"gdpr_submitted\" value=\"Submit\"\/><\/form>\n","protected":false},"excerpt":{"rendered":"","protected":false},"author":1,"featured_media":0,"parent":6410,"menu_order":0,"comment_status":"closed","ping_status":"closed","template":"","meta":{"footnotes":""},"class_list":["post-6414","page","type-page","status-publish","hentry"],"yoast_head":"<!-- This site is optimized with the Yoast SEO plugin v27.2 - https:\/\/yoast.com\/product\/yoast-seo-wordpress\/ -->\n<title>Forget me - Planinski dom na Kofcah<\/title>\n<meta name=\"robots\" content=\"index, follow, max-snippet:-1, max-image-preview:large, max-video-preview:-1\" \/>\n<link rel=\"canonical\" href=\"https:\/\/www.kofce.si\/en\/privacy-center\/forget-me\/\" \/>\n<meta property=\"og:locale\" content=\"en_US\" \/>\n<meta property=\"og:type\" content=\"article\" \/>\n<meta property=\"og:title\" content=\"Forget me - Planinski dom na Kofcah\" \/>\n<meta property=\"og:url\" content=\"https:\/\/www.kofce.si\/en\/privacy-center\/forget-me\/\" \/>\n<meta property=\"og:site_name\" content=\"Planinski dom na Kofcah\" \/>\n<meta property=\"article:modified_time\" content=\"2022-07-28T10:19:38+00:00\" \/>\n<meta name=\"twitter:card\" content=\"summary_large_image\" \/>\n<meta name=\"twitter:label1\" content=\"Est. reading time\" \/>\n\t<meta name=\"twitter:data1\" content=\"1 minute\" \/>\n<script type=\"application\/ld+json\" class=\"yoast-schema-graph\">{\"@context\":\"https:\/\/schema.org\",\"@graph\":[{\"@type\":\"WebPage\",\"@id\":\"https:\/\/www.kofce.si\/en\/privacy-center\/forget-me\/\",\"url\":\"https:\/\/www.kofce.si\/en\/privacy-center\/forget-me\/\",\"name\":\"Forget me - Planinski dom na Kofcah\",\"isPartOf\":{\"@id\":\"https:\/\/www.kofce.si\/en\/#website\"},\"datePublished\":\"2022-07-28T10:08:11+00:00\",\"dateModified\":\"2022-07-28T10:19:38+00:00\",\"breadcrumb\":{\"@id\":\"https:\/\/www.kofce.si\/en\/privacy-center\/forget-me\/#breadcrumb\"},\"inLanguage\":\"en-US\",\"potentialAction\":[{\"@type\":\"ReadAction\",\"target\":[\"https:\/\/www.kofce.si\/en\/privacy-center\/forget-me\/\"]}]},{\"@type\":\"BreadcrumbList\",\"@id\":\"https:\/\/www.kofce.si\/en\/privacy-center\/forget-me\/#breadcrumb\",\"itemListElement\":[{\"@type\":\"ListItem\",\"position\":1,\"name\":\"Domov\",\"item\":\"https:\/\/www.kofce.si\/en\/\"},{\"@type\":\"ListItem\",\"position\":2,\"name\":\"Privacy center\",\"item\":\"https:\/\/www.kofce.si\/en\/privacy-center\/\"},{\"@type\":\"ListItem\",\"position\":3,\"name\":\"Forget me\"}]},{\"@type\":\"WebSite\",\"@id\":\"https:\/\/www.kofce.si\/en\/#website\",\"url\":\"https:\/\/www.kofce.si\/en\/\",\"name\":\"Planinski dom na Kofcah\",\"description\":\"Planinski dom na Kofcah se nahaja na ju\u017enem pobo\u010dju Ko\u0161ute, ravno malo nad gozdno mejo, od koder se nam ponuja \u010dudovit razgled na okoli\u0161ke hribe vse do na\u0161ega o\u010daka Triglava, v daljavi pred domom pa spokojno pole\u017eava Ljubljanska kotlina.\",\"publisher\":{\"@id\":\"https:\/\/www.kofce.si\/en\/#organization\"},\"potentialAction\":[{\"@type\":\"SearchAction\",\"target\":{\"@type\":\"EntryPoint\",\"urlTemplate\":\"https:\/\/www.kofce.si\/en\/?s={search_term_string}\"},\"query-input\":{\"@type\":\"PropertyValueSpecification\",\"valueRequired\":true,\"valueName\":\"search_term_string\"}}],\"inLanguage\":\"en-US\"},{\"@type\":\"Organization\",\"@id\":\"https:\/\/www.kofce.si\/en\/#organization\",\"name\":\"Planinski dom na Kofcah\",\"url\":\"https:\/\/www.kofce.si\/en\/\",\"logo\":{\"@type\":\"ImageObject\",\"inLanguage\":\"en-US\",\"@id\":\"https:\/\/www.kofce.si\/en\/#\/schema\/logo\/image\/\",\"url\":\"https:\/\/www.kofce.si\/wp-content\/uploads\/2022\/07\/dom-na-kofcah-karavanke_03-mobile.png\",\"contentUrl\":\"https:\/\/www.kofce.si\/wp-content\/uploads\/2022\/07\/dom-na-kofcah-karavanke_03-mobile.png\",\"width\":131,\"height\":110,\"caption\":\"Planinski dom na Kofcah\"},\"image\":{\"@id\":\"https:\/\/www.kofce.si\/en\/#\/schema\/logo\/image\/\"}}]}<\/script>\n<!-- \/ Yoast SEO plugin. -->","yoast_head_json":{"title":"Forget me - Planinski dom na Kofcah","robots":{"index":"index","follow":"follow","max-snippet":"max-snippet:-1","max-image-preview":"max-image-preview:large","max-video-preview":"max-video-preview:-1"},"canonical":"https:\/\/www.kofce.si\/en\/privacy-center\/forget-me\/","og_locale":"en_US","og_type":"article","og_title":"Forget me - Planinski dom na Kofcah","og_url":"https:\/\/www.kofce.si\/en\/privacy-center\/forget-me\/","og_site_name":"Planinski dom na Kofcah","article_modified_time":"2022-07-28T10:19:38+00:00","twitter_card":"summary_large_image","twitter_misc":{"Est. reading time":"1 minute"},"schema":{"@context":"https:\/\/schema.org","@graph":[{"@type":"WebPage","@id":"https:\/\/www.kofce.si\/en\/privacy-center\/forget-me\/","url":"https:\/\/www.kofce.si\/en\/privacy-center\/forget-me\/","name":"Forget me - Planinski dom na Kofcah","isPartOf":{"@id":"https:\/\/www.kofce.si\/en\/#website"},"datePublished":"2022-07-28T10:08:11+00:00","dateModified":"2022-07-28T10:19:38+00:00","breadcrumb":{"@id":"https:\/\/www.kofce.si\/en\/privacy-center\/forget-me\/#breadcrumb"},"inLanguage":"en-US","potentialAction":[{"@type":"ReadAction","target":["https:\/\/www.kofce.si\/en\/privacy-center\/forget-me\/"]}]},{"@type":"BreadcrumbList","@id":"https:\/\/www.kofce.si\/en\/privacy-center\/forget-me\/#breadcrumb","itemListElement":[{"@type":"ListItem","position":1,"name":"Domov","item":"https:\/\/www.kofce.si\/en\/"},{"@type":"ListItem","position":2,"name":"Privacy center","item":"https:\/\/www.kofce.si\/en\/privacy-center\/"},{"@type":"ListItem","position":3,"name":"Forget me"}]},{"@type":"WebSite","@id":"https:\/\/www.kofce.si\/en\/#website","url":"https:\/\/www.kofce.si\/en\/","name":"Planinski dom na Kofcah","description":"Planinski dom na Kofcah se nahaja na ju\u017enem pobo\u010dju Ko\u0161ute, ravno malo nad gozdno mejo, od koder se nam ponuja \u010dudovit razgled na okoli\u0161ke hribe vse do na\u0161ega o\u010daka Triglava, v daljavi pred domom pa spokojno pole\u017eava Ljubljanska kotlina.","publisher":{"@id":"https:\/\/www.kofce.si\/en\/#organization"},"potentialAction":[{"@type":"SearchAction","target":{"@type":"EntryPoint","urlTemplate":"https:\/\/www.kofce.si\/en\/?s={search_term_string}"},"query-input":{"@type":"PropertyValueSpecification","valueRequired":true,"valueName":"search_term_string"}}],"inLanguage":"en-US"},{"@type":"Organization","@id":"https:\/\/www.kofce.si\/en\/#organization","name":"Planinski dom na Kofcah","url":"https:\/\/www.kofce.si\/en\/","logo":{"@type":"ImageObject","inLanguage":"en-US","@id":"https:\/\/www.kofce.si\/en\/#\/schema\/logo\/image\/","url":"https:\/\/www.kofce.si\/wp-content\/uploads\/2022\/07\/dom-na-kofcah-karavanke_03-mobile.png","contentUrl":"https:\/\/www.kofce.si\/wp-content\/uploads\/2022\/07\/dom-na-kofcah-karavanke_03-mobile.png","width":131,"height":110,"caption":"Planinski dom na Kofcah"},"image":{"@id":"https:\/\/www.kofce.si\/en\/#\/schema\/logo\/image\/"}}]}},"_links":{"self":[{"href":"https:\/\/www.kofce.si\/en\/wp-json\/wp\/v2\/pages\/6414","targetHints":{"allow":["GET"]}}],"collection":[{"href":"https:\/\/www.kofce.si\/en\/wp-json\/wp\/v2\/pages"}],"about":[{"href":"https:\/\/www.kofce.si\/en\/wp-json\/wp\/v2\/types\/page"}],"author":[{"embeddable":true,"href":"https:\/\/www.kofce.si\/en\/wp-json\/wp\/v2\/users\/1"}],"replies":[{"embeddable":true,"href":"https:\/\/www.kofce.si\/en\/wp-json\/wp\/v2\/comments?post=6414"}],"version-history":[{"count":1,"href":"https:\/\/www.kofce.si\/en\/wp-json\/wp\/v2\/pages\/6414\/revisions"}],"predecessor-version":[{"id":6415,"href":"https:\/\/www.kofce.si\/en\/wp-json\/wp\/v2\/pages\/6414\/revisions\/6415"}],"up":[{"embeddable":true,"href":"https:\/\/www.kofce.si\/en\/wp-json\/wp\/v2\/pages\/6410"}],"wp:attachment":[{"href":"https:\/\/www.kofce.si\/en\/wp-json\/wp\/v2\/media?parent=6414"}],"curies":[{"name":"wp","href":"https:\/\/api.w.org\/{rel}","templated":true}]}}